{"id":207,"date":"2026-01-30T17:45:18","date_gmt":"2026-01-30T17:45:18","guid":{"rendered":"https:\/\/littlebigfood.ch\/?page_id=207"},"modified":"2026-03-23T15:13:19","modified_gmt":"2026-03-23T14:13:19","slug":"mentions-legales","status":"publish","type":"page","link":"https:\/\/littlebigfood.ch\/en\/mentions-legales\/","title":{"rendered":"Mentions l\u00e9gales &amp; politique de confidentialit\u00e9"},"content":{"rendered":"<div data-elementor-type=\"wp-page\" data-elementor-id=\"207\" class=\"elementor elementor-207\" data-elementor-post-type=\"page\">\n\t\t\t\t<div class=\"elementor-element elementor-element-e1e71c5 e-con-full e-flex e-con e-parent\" data-id=\"e1e71c5\" data-element_type=\"container\" data-e-type=\"container\" data-settings=\"{&quot;background_background&quot;:&quot;classic&quot;}\">\n\t\t\t\t<div class=\"elementor-element elementor-element-d70de1e elementor-widget__width-initial elementor-widget elementor-widget-heading\" data-id=\"d70de1e\" data-element_type=\"widget\" data-e-type=\"widget\" data-widget_type=\"heading.default\">\n\t\t\t\t\t<h1 class=\"elementor-heading-title elementor-size-default\">Legal notice <br> Privacy policy<\/h1>\t\t\t\t<\/div>\n\t\t\t\t<\/div>\n\t\t<div class=\"elementor-element elementor-element-2c87015 e-con-full e-flex e-con e-parent\" data-id=\"2c87015\" data-element_type=\"container\" data-e-type=\"container\" data-settings=\"{&quot;background_background&quot;:&quot;classic&quot;}\">\n\t\t<div class=\"elementor-element elementor-element-db9fcc4 e-con-full e-flex e-con e-child\" data-id=\"db9fcc4\" data-element_type=\"container\" data-e-type=\"container\">\n\t\t\t\t<div class=\"elementor-element elementor-element-9ddb29c elementor-widget__width-initial elementor-widget elementor-widget-heading\" data-id=\"9ddb29c\" data-element_type=\"widget\" data-e-type=\"widget\" data-widget_type=\"heading.default\">\n\t\t\t\t\t<span class=\"elementor-heading-title elementor-size-default\">Data controller<\/span>\t\t\t\t<\/div>\n\t\t\t\t<div class=\"elementor-element elementor-element-c75f9c7 elementor-widget__width-initial elementor-widget elementor-widget-text-editor\" data-id=\"c75f9c7\" data-element_type=\"widget\" data-e-type=\"widget\" data-widget_type=\"text-editor.default\">\n\t\t\t\t\t\t\t\t\t<p>The data controller is:<br \/><strong>Little Big Food Management S\u00e0rl<\/strong><br \/>198 rue de Saint-Julien<br \/>1228 Plan-les-Ouates<br \/>info@littlebigfood.ch\u2028<br \/>Commercial register no.: CH-550.1.173.123-6<\/p>\t\t\t\t\t\t\t\t<\/div>\n\t\t\t\t<div class=\"elementor-element elementor-element-ebd37c9 elementor-widget__width-inherit elementor-widget-divider--view-line elementor-widget elementor-widget-divider\" data-id=\"ebd37c9\" data-element_type=\"widget\" data-e-type=\"widget\" data-widget_type=\"divider.default\">\n\t\t\t\t\t\t\t<div class=\"elementor-divider\">\n\t\t\t<span class=\"elementor-divider-separator\">\n\t\t\t\t\t\t<\/span>\n\t\t<\/div>\n\t\t\t\t\t\t<\/div>\n\t\t\t\t<div class=\"elementor-element elementor-element-2f0169b elementor-widget__width-initial elementor-widget elementor-widget-heading\" data-id=\"2f0169b\" data-element_type=\"widget\" data-e-type=\"widget\" data-widget_type=\"heading.default\">\n\t\t\t\t\t<span class=\"elementor-heading-title elementor-size-default\">Accommodation<\/span>\t\t\t\t<\/div>\n\t\t\t\t<div class=\"elementor-element elementor-element-f55fb39 elementor-widget__width-initial elementor-widget elementor-widget-text-editor\" data-id=\"f55fb39\" data-element_type=\"widget\" data-e-type=\"widget\" data-widget_type=\"text-editor.default\">\n\t\t\t\t\t\t\t\t\t<p>The website is hosted by:<br \/><strong>Infomaniak Network SA<\/strong><br \/>25 Rue Eug\u00e8ne Marziano<br \/>1227 Les Acacias (GE), Switzerland<\/p>\t\t\t\t\t\t\t\t<\/div>\n\t\t\t\t<div class=\"elementor-element elementor-element-0db5a7d elementor-widget__width-inherit elementor-widget-divider--view-line elementor-widget elementor-widget-divider\" data-id=\"0db5a7d\" data-element_type=\"widget\" data-e-type=\"widget\" data-widget_type=\"divider.default\">\n\t\t\t\t\t\t\t<div class=\"elementor-divider\">\n\t\t\t<span class=\"elementor-divider-separator\">\n\t\t\t\t\t\t<\/span>\n\t\t<\/div>\n\t\t\t\t\t\t<\/div>\n\t\t\t\t<div class=\"elementor-element elementor-element-2bfbf82 elementor-widget__width-initial elementor-widget elementor-widget-heading\" data-id=\"2bfbf82\" data-element_type=\"widget\" data-e-type=\"widget\" data-widget_type=\"heading.default\">\n\t\t\t\t\t<span class=\"elementor-heading-title elementor-size-default\">Collection and processing <br>personal data<\/span>\t\t\t\t<\/div>\n\t\t\t\t<div class=\"elementor-element elementor-element-96ea4ee elementor-widget__width-initial elementor-widget elementor-widget-text-editor\" data-id=\"96ea4ee\" data-element_type=\"widget\" data-e-type=\"widget\" data-widget_type=\"text-editor.default\">\n\t\t\t\t\t\t\t\t\t<p>We collect and process personal data only when necessary, including in the following cases:<\/p><ul><li>Contact form or email<\/li><li>Website usage<\/li><li>Legal obligations<\/li><\/ul><p><br \/><strong>Types de donn\u00e9es collect\u00e9es<\/strong><\/p><ul><li>Identification details (surname, forename)<\/li><li>Contact details (email, telephone)<\/li><li>Technical data (IP address, browser, etc.)<\/li><li>navigation data<\/li><\/ul>\t\t\t\t\t\t\t\t<\/div>\n\t\t\t\t<div class=\"elementor-element elementor-element-e621f7b elementor-widget__width-inherit elementor-widget-divider--view-line elementor-widget elementor-widget-divider\" data-id=\"e621f7b\" data-element_type=\"widget\" data-e-type=\"widget\" data-widget_type=\"divider.default\">\n\t\t\t\t\t\t\t<div class=\"elementor-divider\">\n\t\t\t<span class=\"elementor-divider-separator\">\n\t\t\t\t\t\t<\/span>\n\t\t<\/div>\n\t\t\t\t\t\t<\/div>\n\t\t\t\t<div class=\"elementor-element elementor-element-b0651a2 elementor-widget__width-initial elementor-widget elementor-widget-heading\" data-id=\"b0651a2\" data-element_type=\"widget\" data-e-type=\"widget\" data-widget_type=\"heading.default\">\n\t\t\t\t\t<span class=\"elementor-heading-title elementor-size-default\">Legal basis for processing (GDPR)<\/span>\t\t\t\t<\/div>\n\t\t\t\t<div class=\"elementor-element elementor-element-3b10bad elementor-widget__width-initial elementor-widget elementor-widget-text-editor\" data-id=\"3b10bad\" data-element_type=\"widget\" data-e-type=\"widget\" data-widget_type=\"text-editor.default\">\n\t\t\t\t\t\t\t\t\t<p>In accordance with the <strong>General Data Protection Regulation<\/strong>, treatments are based on:<\/p><ul><li>Consent (e.g. contact form, cookies)<\/li><li>Execution of a contract (if applicable)<\/li><li>Legal obligation<\/li><li>Legitimate interest (site security, service improvement)<\/li><\/ul>\t\t\t\t\t\t\t\t<\/div>\n\t\t\t\t<div class=\"elementor-element elementor-element-ec89bf7 elementor-widget__width-inherit elementor-widget-divider--view-line elementor-widget elementor-widget-divider\" data-id=\"ec89bf7\" data-element_type=\"widget\" data-e-type=\"widget\" data-widget_type=\"divider.default\">\n\t\t\t\t\t\t\t<div class=\"elementor-divider\">\n\t\t\t<span class=\"elementor-divider-separator\">\n\t\t\t\t\t\t<\/span>\n\t\t<\/div>\n\t\t\t\t\t\t<\/div>\n\t\t\t\t<div class=\"elementor-element elementor-element-87eaf2d elementor-widget__width-initial elementor-widget elementor-widget-heading\" data-id=\"87eaf2d\" data-element_type=\"widget\" data-e-type=\"widget\" data-widget_type=\"heading.default\">\n\t\t\t\t\t<span class=\"elementor-heading-title elementor-size-default\">Purposes of processing<\/span>\t\t\t\t<\/div>\n\t\t\t\t<div class=\"elementor-element elementor-element-d54d49d elementor-widget__width-initial elementor-widget elementor-widget-text-editor\" data-id=\"d54d49d\" data-element_type=\"widget\" data-e-type=\"widget\" data-widget_type=\"text-editor.default\">\n\t\t\t\t\t\t\t\t\t<p>The data is used to:<\/p><ul><li>respond to contact requests<\/li><li>ensure the good<\/li><li>site operation<\/li><li>Analyse site usage<\/li><li>improve our services<\/li><li>to comply with legal obligations<\/li><\/ul>\t\t\t\t\t\t\t\t<\/div>\n\t\t\t\t<div class=\"elementor-element elementor-element-6f51879 elementor-widget__width-inherit elementor-widget-divider--view-line elementor-widget elementor-widget-divider\" data-id=\"6f51879\" data-element_type=\"widget\" data-e-type=\"widget\" data-widget_type=\"divider.default\">\n\t\t\t\t\t\t\t<div class=\"elementor-divider\">\n\t\t\t<span class=\"elementor-divider-separator\">\n\t\t\t\t\t\t<\/span>\n\t\t<\/div>\n\t\t\t\t\t\t<\/div>\n\t\t\t\t<div class=\"elementor-element elementor-element-9a135b0 elementor-widget__width-initial elementor-widget elementor-widget-heading\" data-id=\"9a135b0\" data-element_type=\"widget\" data-e-type=\"widget\" data-widget_type=\"heading.default\">\n\t\t\t\t\t<span class=\"elementor-heading-title elementor-size-default\">Shelf life<\/span>\t\t\t\t<\/div>\n\t\t\t\t<div class=\"elementor-element elementor-element-95669f2 elementor-widget__width-initial elementor-widget elementor-widget-text-editor\" data-id=\"95669f2\" data-element_type=\"widget\" data-e-type=\"widget\" data-widget_type=\"text-editor.default\">\n\t\t\t\t\t\t\t\t\t<p class=\"p1\">Personal data is kept only for as long as is necessary:<\/p><ul class=\"ul1\"><li class=\"li1\">Contact details: max. 12\u201324 months after last exchange<\/li><li class=\"li1\">Technical specifications: generally 6 to 12 months<\/li><li class=\"li1\">Legal obligations: according to Swiss legal deadlines<\/li><\/ul>\t\t\t\t\t\t\t\t<\/div>\n\t\t\t\t<div class=\"elementor-element elementor-element-b40bad3 elementor-widget__width-inherit elementor-widget-divider--view-line elementor-widget elementor-widget-divider\" data-id=\"b40bad3\" data-element_type=\"widget\" data-e-type=\"widget\" data-widget_type=\"divider.default\">\n\t\t\t\t\t\t\t<div class=\"elementor-divider\">\n\t\t\t<span class=\"elementor-divider-separator\">\n\t\t\t\t\t\t<\/span>\n\t\t<\/div>\n\t\t\t\t\t\t<\/div>\n\t\t\t\t<div class=\"elementor-element elementor-element-9109564 elementor-widget__width-initial elementor-widget elementor-widget-heading\" data-id=\"9109564\" data-element_type=\"widget\" data-e-type=\"widget\" data-widget_type=\"heading.default\">\n\t\t\t\t\t<span class=\"elementor-heading-title elementor-size-default\">Data transmission<\/span>\t\t\t\t<\/div>\n\t\t\t\t<div class=\"elementor-element elementor-element-99aa396 elementor-widget__width-initial elementor-widget elementor-widget-text-editor\" data-id=\"99aa396\" data-element_type=\"widget\" data-e-type=\"widget\" data-widget_type=\"text-editor.default\">\n\t\t\t\t\t\t\t\t\t<p class=\"p1\">Data may be transferred to technical service providers (e.g. hosting, maintenance), only to the extent necessary for their duties.<\/p><p class=\"p1\">No sale of personal data is made.<\/p><p class=\"p1\">If data is transferred outside of Switzerland or the EU, we ensure that appropriate safeguards are in place (e.g. standard contractual clauses).<\/p>\t\t\t\t\t\t\t\t<\/div>\n\t\t\t\t<div class=\"elementor-element elementor-element-d9eb266 elementor-widget__width-inherit elementor-widget-divider--view-line elementor-widget elementor-widget-divider\" data-id=\"d9eb266\" data-element_type=\"widget\" data-e-type=\"widget\" data-widget_type=\"divider.default\">\n\t\t\t\t\t\t\t<div class=\"elementor-divider\">\n\t\t\t<span class=\"elementor-divider-separator\">\n\t\t\t\t\t\t<\/span>\n\t\t<\/div>\n\t\t\t\t\t\t<\/div>\n\t\t\t\t<div class=\"elementor-element elementor-element-4a32d15 elementor-widget__width-initial elementor-widget elementor-widget-heading\" data-id=\"4a32d15\" data-element_type=\"widget\" data-e-type=\"widget\" data-widget_type=\"heading.default\">\n\t\t\t\t\t<span class=\"elementor-heading-title elementor-size-default\">User rights<\/span>\t\t\t\t<\/div>\n\t\t\t\t<div class=\"elementor-element elementor-element-6b5a9ae elementor-widget__width-initial elementor-widget elementor-widget-text-editor\" data-id=\"6b5a9ae\" data-element_type=\"widget\" data-e-type=\"widget\" data-widget_type=\"text-editor.default\">\n\t\t\t\t\t\t\t\t\t<p class=\"p1\">In accordance with the <b>Swiss nLPD (2023)<\/b> and under GDPR, you have the following rights:<\/p><ul class=\"ul1\"><li class=\"li1\">right of access<\/li><li class=\"li1\">Right of correction<\/li><li class=\"li1\">Right to erasure<\/li><li class=\"li1\">Right to restrict processing<\/li><li class=\"li1\">right to object<\/li><li class=\"li1\">Right to data portability (GDPR)<\/li><\/ul><p>\u00a0<\/p><p class=\"p1\">You can exercise these rights at any time by contacting info@littlebigfood.ch.<\/p><p class=\"p1\">You also have the right to lodge a complaint with a supervisory authority, in particular the <b>Federal Data Protection and Information Commissioner<\/b>.<\/p>\t\t\t\t\t\t\t\t<\/div>\n\t\t\t\t<div class=\"elementor-element elementor-element-06e0a9e elementor-widget__width-inherit elementor-widget-divider--view-line elementor-widget elementor-widget-divider\" data-id=\"06e0a9e\" data-element_type=\"widget\" data-e-type=\"widget\" data-widget_type=\"divider.default\">\n\t\t\t\t\t\t\t<div class=\"elementor-divider\">\n\t\t\t<span class=\"elementor-divider-separator\">\n\t\t\t\t\t\t<\/span>\n\t\t<\/div>\n\t\t\t\t\t\t<\/div>\n\t\t\t\t<div class=\"elementor-element elementor-element-22a056d elementor-widget__width-initial elementor-widget elementor-widget-heading\" data-id=\"22a056d\" data-element_type=\"widget\" data-e-type=\"widget\" data-widget_type=\"heading.default\">\n\t\t\t\t\t<span class=\"elementor-heading-title elementor-size-default\">Data security<\/span>\t\t\t\t<\/div>\n\t\t\t\t<div class=\"elementor-element elementor-element-6a838f3 elementor-widget__width-initial elementor-widget elementor-widget-text-editor\" data-id=\"6a838f3\" data-element_type=\"widget\" data-e-type=\"widget\" data-widget_type=\"text-editor.default\">\n\t\t\t\t\t\t\t\t\t<p class=\"p1\">We are implementing appropriate technical and organisational measures to protect your data against:<\/p><ul class=\"ul1\"><li class=\"li1\">Unauthorised access<\/li><li class=\"li1\">loss<\/li><li class=\"li1\">Misuse<\/li><li class=\"li1\">Modification<\/li><\/ul>\t\t\t\t\t\t\t\t<\/div>\n\t\t\t\t<div class=\"elementor-element elementor-element-76fd41e elementor-widget__width-inherit elementor-widget-divider--view-line elementor-widget elementor-widget-divider\" data-id=\"76fd41e\" data-element_type=\"widget\" data-e-type=\"widget\" data-widget_type=\"divider.default\">\n\t\t\t\t\t\t\t<div class=\"elementor-divider\">\n\t\t\t<span class=\"elementor-divider-separator\">\n\t\t\t\t\t\t<\/span>\n\t\t<\/div>\n\t\t\t\t\t\t<\/div>\n\t\t\t\t<div class=\"elementor-element elementor-element-4218422 elementor-widget__width-initial elementor-widget elementor-widget-heading\" data-id=\"4218422\" data-element_type=\"widget\" data-e-type=\"widget\" data-widget_type=\"heading.default\">\n\t\t\t\t\t<span class=\"elementor-heading-title elementor-size-default\">Access credentials and logs<\/span>\t\t\t\t<\/div>\n\t\t\t\t<div class=\"elementor-element elementor-element-590c83b elementor-widget__width-initial elementor-widget elementor-widget-text-editor\" data-id=\"590c83b\" data-element_type=\"widget\" data-e-type=\"widget\" data-widget_type=\"text-editor.default\">\n\t\t\t\t\t\t\t\t\t<p class=\"p1\">On each visit to the site, technical data is collected:<\/p><ul class=\"ul1\"><li class=\"li1\">IP address<\/li><li class=\"li1\">Date and time<\/li><li class=\"li1\">browser<\/li><li class=\"li1\">operating system<\/li><li class=\"li1\">page consulted<\/li><\/ul><p>\u00a0<\/p><p class=\"p1\">This data is used to ensure the security and smooth operation of the site.<\/p>\t\t\t\t\t\t\t\t<\/div>\n\t\t\t\t<div class=\"elementor-element elementor-element-0fd0988 elementor-widget__width-inherit elementor-widget-divider--view-line elementor-widget elementor-widget-divider\" data-id=\"0fd0988\" data-element_type=\"widget\" data-e-type=\"widget\" data-widget_type=\"divider.default\">\n\t\t\t\t\t\t\t<div class=\"elementor-divider\">\n\t\t\t<span class=\"elementor-divider-separator\">\n\t\t\t\t\t\t<\/span>\n\t\t<\/div>\n\t\t\t\t\t\t<\/div>\n\t\t\t\t<div class=\"elementor-element elementor-element-3f44fe3 elementor-widget__width-initial elementor-widget elementor-widget-heading\" data-id=\"3f44fe3\" data-element_type=\"widget\" data-e-type=\"widget\" data-widget_type=\"heading.default\">\n\t\t\t\t\t<span class=\"elementor-heading-title elementor-size-default\">Biscuits<\/span>\t\t\t\t<\/div>\n\t\t\t\t<div class=\"elementor-element elementor-element-ef99dae elementor-widget__width-initial elementor-widget elementor-widget-text-editor\" data-id=\"ef99dae\" data-element_type=\"widget\" data-e-type=\"widget\" data-widget_type=\"text-editor.default\">\n\t\t\t\t\t\t\t\t\t<p class=\"p1\">We use cookies to:<\/p><ul class=\"ul1\"><li class=\"li1\">ensure the site is operational<\/li><li class=\"li1\">analyse usage<\/li><li class=\"li2\">improve the user experience<\/li><\/ul><p>\u00a0<\/p><p class=\"p3\"><strong>Cookie types<\/strong><\/p><ul class=\"ul1\"><li class=\"li1\"><b>essential cookies<\/b> Techniques<\/li><li class=\"li1\"><b>Analytics cookies<\/b> (subject to consent)<\/li><\/ul><p>\u00a0<\/p><p class=\"p1\">On your first visit, a banner will allow you to accept or reject non-essential cookies.<\/p><p class=\"p1\">You can change your preferences at any time via your browser.<\/p>\t\t\t\t\t\t\t\t<\/div>\n\t\t\t\t<div class=\"elementor-element elementor-element-1fd6afa elementor-widget__width-inherit elementor-widget-divider--view-line elementor-widget elementor-widget-divider\" data-id=\"1fd6afa\" data-element_type=\"widget\" data-e-type=\"widget\" data-widget_type=\"divider.default\">\n\t\t\t\t\t\t\t<div class=\"elementor-divider\">\n\t\t\t<span class=\"elementor-divider-separator\">\n\t\t\t\t\t\t<\/span>\n\t\t<\/div>\n\t\t\t\t\t\t<\/div>\n\t\t\t\t<div class=\"elementor-element elementor-element-f01c656 elementor-widget__width-initial elementor-widget elementor-widget-heading\" data-id=\"f01c656\" data-element_type=\"widget\" data-e-type=\"widget\" data-widget_type=\"heading.default\">\n\t\t\t\t\t<span class=\"elementor-heading-title elementor-size-default\">Analysis tools <\/span>\t\t\t\t<\/div>\n\t\t\t\t<div class=\"elementor-element elementor-element-1a07e6e elementor-widget__width-initial elementor-widget elementor-widget-text-editor\" data-id=\"1a07e6e\" data-element_type=\"widget\" data-e-type=\"widget\" data-widget_type=\"text-editor.default\">\n\t\t\t\t\t\t\t\t\t<p class=\"p1\">We use Google Analytics, a service provided by Google LLC, to measure our website's audience and improve its content. This tool collects anonymised data about visitor navigation (pages viewed, duration of visits, origin). This data is processed in accordance with the Federal Act on Data Protection (FADP).<\/p>\t\t\t\t\t\t\t\t<\/div>\n\t\t\t\t<div class=\"elementor-element elementor-element-54406cc elementor-widget__width-inherit elementor-widget-divider--view-line elementor-widget elementor-widget-divider\" data-id=\"54406cc\" data-element_type=\"widget\" data-e-type=\"widget\" data-widget_type=\"divider.default\">\n\t\t\t\t\t\t\t<div class=\"elementor-divider\">\n\t\t\t<span class=\"elementor-divider-separator\">\n\t\t\t\t\t\t<\/span>\n\t\t<\/div>\n\t\t\t\t\t\t<\/div>\n\t\t\t\t<div class=\"elementor-element elementor-element-c56fbb4 elementor-widget__width-initial elementor-widget elementor-widget-heading\" data-id=\"c56fbb4\" data-element_type=\"widget\" data-e-type=\"widget\" data-widget_type=\"heading.default\">\n\t\t\t\t\t<span class=\"elementor-heading-title elementor-size-default\">Responsibility<\/span>\t\t\t\t<\/div>\n\t\t\t\t<div class=\"elementor-element elementor-element-99b1d2d elementor-widget__width-initial elementor-widget elementor-widget-text-editor\" data-id=\"99b1d2d\" data-element_type=\"widget\" data-e-type=\"widget\" data-widget_type=\"text-editor.default\">\n\t\t\t\t\t\t\t\t\t<p class=\"p1\">The content on our website has been carefully prepared. However, we do not guarantee its accuracy, completeness, or timeliness.<\/p>\t\t\t\t\t\t\t\t<\/div>\n\t\t\t\t<div class=\"elementor-element elementor-element-79682fb elementor-widget__width-inherit elementor-widget-divider--view-line elementor-widget elementor-widget-divider\" data-id=\"79682fb\" data-element_type=\"widget\" data-e-type=\"widget\" data-widget_type=\"divider.default\">\n\t\t\t\t\t\t\t<div class=\"elementor-divider\">\n\t\t\t<span class=\"elementor-divider-separator\">\n\t\t\t\t\t\t<\/span>\n\t\t<\/div>\n\t\t\t\t\t\t<\/div>\n\t\t\t\t<div class=\"elementor-element elementor-element-50bc8e7 elementor-widget__width-initial elementor-widget elementor-widget-heading\" data-id=\"50bc8e7\" data-element_type=\"widget\" data-e-type=\"widget\" data-widget_type=\"heading.default\">\n\t\t\t\t\t<span class=\"elementor-heading-title elementor-size-default\">External links<\/span>\t\t\t\t<\/div>\n\t\t\t\t<div class=\"elementor-element elementor-element-8190ade elementor-widget__width-initial elementor-widget elementor-widget-text-editor\" data-id=\"8190ade\" data-element_type=\"widget\" data-e-type=\"widget\" data-widget_type=\"text-editor.default\">\n\t\t\t\t\t\t\t\t\t<p class=\"p1\">We are not responsible for the content of third-party sites accessed via links.<\/p>\t\t\t\t\t\t\t\t<\/div>\n\t\t\t\t<div class=\"elementor-element elementor-element-fd389e8 elementor-widget__width-inherit elementor-widget-divider--view-line elementor-widget elementor-widget-divider\" data-id=\"fd389e8\" data-element_type=\"widget\" data-e-type=\"widget\" data-widget_type=\"divider.default\">\n\t\t\t\t\t\t\t<div class=\"elementor-divider\">\n\t\t\t<span class=\"elementor-divider-separator\">\n\t\t\t\t\t\t<\/span>\n\t\t<\/div>\n\t\t\t\t\t\t<\/div>\n\t\t\t\t<div class=\"elementor-element elementor-element-0bb727a elementor-widget__width-initial elementor-widget elementor-widget-heading\" data-id=\"0bb727a\" data-element_type=\"widget\" data-e-type=\"widget\" data-widget_type=\"heading.default\">\n\t\t\t\t\t<span class=\"elementor-heading-title elementor-size-default\">Copyright<\/span>\t\t\t\t<\/div>\n\t\t\t\t<div class=\"elementor-element elementor-element-0c823be elementor-widget__width-initial elementor-widget elementor-widget-text-editor\" data-id=\"0c823be\" data-element_type=\"widget\" data-e-type=\"widget\" data-widget_type=\"text-editor.default\">\n\t\t\t\t\t\t\t\t\t<p class=\"p1\">All content on the site is protected by copyright and belongs to <b>Little Big Food Management S\u00e0rl<\/b>, unless stated otherwise.<\/p>\t\t\t\t\t\t\t\t<\/div>\n\t\t\t\t<div class=\"elementor-element elementor-element-8068bc5 elementor-widget__width-inherit elementor-widget-divider--view-line elementor-widget elementor-widget-divider\" data-id=\"8068bc5\" data-element_type=\"widget\" data-e-type=\"widget\" data-widget_type=\"divider.default\">\n\t\t\t\t\t\t\t<div class=\"elementor-divider\">\n\t\t\t<span class=\"elementor-divider-separator\">\n\t\t\t\t\t\t<\/span>\n\t\t<\/div>\n\t\t\t\t\t\t<\/div>\n\t\t\t\t<div class=\"elementor-element elementor-element-91e3345 elementor-widget__width-initial elementor-widget elementor-widget-heading\" data-id=\"91e3345\" data-element_type=\"widget\" data-e-type=\"widget\" data-widget_type=\"heading.default\">\n\t\t\t\t\t<span class=\"elementor-heading-title elementor-size-default\">Modifications<\/span>\t\t\t\t<\/div>\n\t\t\t\t<div class=\"elementor-element elementor-element-1567169 elementor-widget__width-initial elementor-widget elementor-widget-text-editor\" data-id=\"1567169\" data-element_type=\"widget\" data-e-type=\"widget\" data-widget_type=\"text-editor.default\">\n\t\t\t\t\t\t\t\t\t<p class=\"p1\">We reserve the right to amend this policy at any time to adapt it to legal or technical developments<span class=\"s1\">.<\/span><\/p>\t\t\t\t\t\t\t\t<\/div>\n\t\t\t\t<\/div>\n\t\t\t\t<\/div>\n\t\t\t\t<\/div>","protected":false},"excerpt":{"rendered":"<p>Mentions l\u00e9gales &amp; politique de confidentialit\u00e9s Responsable du traitement Le responsable du traitement des donn\u00e9es est :Little Big Food Management S\u00e0rl\u2028198 route de Saint-Julien\u20281228 Plan-les-Ouates\u2028info@littlebigfood.ch\u2028N\u00b0 registre commerce : CH-550.1.173.123-6 H\u00e9bergement Le site est h\u00e9berg\u00e9 par :\u2028Infomaniak Network SA\u2028Rue Eug\u00e8ne Marziano 25\u20281227 Les Acacias (GE), Suisse Collecte et traitement des donn\u00e9es personnelles Nous collectons et traitons [&hellip;]<\/p>\n","protected":false},"author":1,"featured_media":4298,"parent":0,"menu_order":0,"comment_status":"closed","ping_status":"closed","template":"","meta":{"footnotes":""},"class_list":["post-207","page","type-page","status-publish","has-post-thumbnail","hentry"],"_links":{"self":[{"href":"https:\/\/littlebigfood.ch\/en\/wp-json\/wp\/v2\/pages\/207","targetHints":{"allow":["GET"]}}],"collection":[{"href":"https:\/\/littlebigfood.ch\/en\/wp-json\/wp\/v2\/pages"}],"about":[{"href":"https:\/\/littlebigfood.ch\/en\/wp-json\/wp\/v2\/types\/page"}],"author":[{"embeddable":true,"href":"https:\/\/littlebigfood.ch\/en\/wp-json\/wp\/v2\/users\/1"}],"replies":[{"embeddable":true,"href":"https:\/\/littlebigfood.ch\/en\/wp-json\/wp\/v2\/comments?post=207"}],"version-history":[{"count":0,"href":"https:\/\/littlebigfood.ch\/en\/wp-json\/wp\/v2\/pages\/207\/revisions"}],"wp:featuredmedia":[{"embeddable":true,"href":"https:\/\/littlebigfood.ch\/en\/wp-json\/wp\/v2\/media\/4298"}],"wp:attachment":[{"href":"https:\/\/littlebigfood.ch\/en\/wp-json\/wp\/v2\/media?parent=207"}],"curies":[{"name":"wp","href":"https:\/\/api.w.org\/{rel}","templated":true}]}}